{"id":47,"date":"2022-05-23T21:08:34","date_gmt":"2022-05-23T21:08:34","guid":{"rendered":"https:\/\/reutilizar.org\/?page_id=47"},"modified":"2022-05-23T21:49:53","modified_gmt":"2022-05-23T21:49:53","slug":"contacto","status":"publish","type":"page","link":"https:\/\/reutilizar.org\/?page_id=47","title":{"rendered":"Contacto"},"content":{"rendered":"\t\t<div data-elementor-type=\"wp-page\" data-elementor-id=\"47\" class=\"elementor elementor-47\">\n\t\t\t\t\t\t<section class=\"elementor-section elementor-top-section elementor-element elementor-element-73f1d3a7 elementor-section-boxed elementor-section-height-default elementor-section-height-default\" data-id=\"73f1d3a7\" data-element_type=\"section\" data-e-type=\"section\">\n\t\t\t\t\t\t<div class=\"elementor-container elementor-column-gap-default\">\n\t\t\t\t\t<div class=\"elementor-column elementor-col-100 elementor-top-column elementor-element elementor-element-d871ad9\" data-id=\"d871ad9\" data-element_type=\"column\" data-e-type=\"column\">\n\t\t\t<div class=\"elementor-widget-wrap elementor-element-populated\">\n\t\t\t\t\t\t\t<\/div>\n\t\t<\/div>\n\t\t\t\t\t<\/div>\n\t\t<\/section>\n\t\t\t\t<section class=\"elementor-section elementor-top-section elementor-element elementor-element-bd119ce elementor-section-boxed elementor-section-height-default elementor-section-height-default\" data-id=\"bd119ce\" data-element_type=\"section\" data-e-type=\"section\">\n\t\t\t\t\t\t<div class=\"elementor-container elementor-column-gap-default\">\n\t\t\t\t\t<div class=\"elementor-column elementor-col-33 elementor-top-column elementor-element elementor-element-a347e9e\" data-id=\"a347e9e\" data-element_type=\"column\" data-e-type=\"column\">\n\t\t\t<div class=\"elementor-widget-wrap\">\n\t\t\t\t\t\t\t<\/div>\n\t\t<\/div>\n\t\t\t\t<div class=\"elementor-column elementor-col-33 elementor-top-column elementor-element elementor-element-633cdad9\" data-id=\"633cdad9\" data-element_type=\"column\" data-e-type=\"column\">\n\t\t\t<div class=\"elementor-widget-wrap elementor-element-populated\">\n\t\t\t\t\t\t<div class=\"elementor-element elementor-element-42bef3ba elementor-widget elementor-widget-text-editor\" data-id=\"42bef3ba\" data-element_type=\"widget\" data-e-type=\"widget\" data-widget_type=\"text-editor.default\">\n\t\t\t\t<div class=\"elementor-widget-container\">\n\t\t\t\t\t\t\t\t\t<p class=\"paragraph_style\"><strong>Sede do Movimento pela reutiliza\u00e7\u00e3o dos livros escolares<\/strong><br \/>Tel. 912 447 177\u00a0 |\u00a0 Henrique Cunha<br \/><a class=\"class1\" title=\"mailto:htrigueiroscunha@reutilizar.org\" href=\"mailto:htrigueiroscunha@reutilizar.org\">htrigueiroscunha@reutilizar.org<\/a><br \/>Av Dr Antunes Guimar\u00e3es, 63, 3\u00baD\u00a0 |\u00a0 4100-079 Porto<\/p><p class=\"paragraph_style_4\"><span class=\"style\"><br \/><strong>Porta-voz do movimento<\/strong><br \/><\/span>Henrique Trigueiros Cunha<br \/><a style=\"font-family: var( --e-global-typography-text-font-family ), Sans-serif;\" href=\"mailto:htrigueiroscunha@reutilizar.org\" target=\"_blank\" rel=\"noopener\">htrigueiroscunha@reutilizar.org<\/a><\/p><p><strong><span class=\"style\">Social e Institui\u00e7\u00f5es<br \/><\/span><\/strong><span class=\"style\">Rui Leite de Castro<br \/><\/span><a href=\"mailto:rui.castro@reutilizar.org\"><span class=\"style\">rui.castro@reutilizar.org<\/span><\/a><\/p><p><strong><span class=\"style\">Comunica\u00e7\u00e3o e Imprensa<br \/><\/span><\/strong><span class=\"style\">Filipe M\u00fcaze Guimar\u00e3es<br \/><\/span><a href=\"mailto:filipe.muaze@reutilizar.org\"><span class=\"style\">filipe.muaze@reutilizar.org<\/span><\/a><\/p>\t\t\t\t\t\t\t\t<\/div>\n\t\t\t\t<\/div>\n\t\t\t\t\t<\/div>\n\t\t<\/div>\n\t\t\t\t<div class=\"elementor-column elementor-col-33 elementor-top-column elementor-element elementor-element-b2cf292\" data-id=\"b2cf292\" data-element_type=\"column\" data-e-type=\"column\">\n\t\t\t<div class=\"elementor-widget-wrap\">\n\t\t\t\t\t\t\t<\/div>\n\t\t<\/div>\n\t\t\t\t\t<\/div>\n\t\t<\/section>\n\t\t\t\t<\/div>\n\t\t","protected":false},"excerpt":{"rendered":"<p>Sede do Movimento pela reutiliza\u00e7\u00e3o dos livros escolaresTel. 912 447 177\u00a0 |\u00a0 Henrique Cunhahtrigueiroscunha@reutilizar.orgAv Dr Antunes Guimar\u00e3es, 63, 3\u00baD\u00a0 |\u00a0 4100-079 Porto Porta-voz do movimentoHenrique Trigueiros Cunhahtrigueiroscunha@reutilizar.org Social e Institui\u00e7\u00f5esRui Leite de Castrorui.castro@reutilizar.org Comunica\u00e7\u00e3o e ImprensaFilipe M\u00fcaze Guimar\u00e3esfilipe.muaze@reutilizar.org<\/p>\n","protected":false},"author":1,"featured_media":0,"parent":0,"menu_order":0,"comment_status":"closed","ping_status":"open","template":"elementor_header_footer","meta":{"footnotes":""},"class_list":["post-47","page","type-page","status-publish","hentry"],"_links":{"self":[{"href":"https:\/\/reutilizar.org\/index.php?rest_route=\/wp\/v2\/pages\/47","targetHints":{"allow":["GET"]}}],"collection":[{"href":"https:\/\/reutilizar.org\/index.php?rest_route=\/wp\/v2\/pages"}],"about":[{"href":"https:\/\/reutilizar.org\/index.php?rest_route=\/wp\/v2\/types\/page"}],"author":[{"embeddable":true,"href":"https:\/\/reutilizar.org\/index.php?rest_route=\/wp\/v2\/users\/1"}],"replies":[{"embeddable":true,"href":"https:\/\/reutilizar.org\/index.php?rest_route=%2Fwp%2Fv2%2Fcomments&post=47"}],"version-history":[{"count":16,"href":"https:\/\/reutilizar.org\/index.php?rest_route=\/wp\/v2\/pages\/47\/revisions"}],"predecessor-version":[{"id":89,"href":"https:\/\/reutilizar.org\/index.php?rest_route=\/wp\/v2\/pages\/47\/revisions\/89"}],"wp:attachment":[{"href":"https:\/\/reutilizar.org\/index.php?rest_route=%2Fwp%2Fv2%2Fmedia&parent=47"}],"curies":[{"name":"wp","href":"https:\/\/api.w.org\/{rel}","templated":true}]}}