{"id":2,"date":"2022-05-20T21:55:03","date_gmt":"2022-05-20T21:55:03","guid":{"rendered":"https:\/\/reutilizar.org\/?page_id=2"},"modified":"2022-05-23T21:47:22","modified_gmt":"2022-05-23T21:47:22","slug":"sample-page","status":"publish","type":"page","link":"https:\/\/reutilizar.org\/","title":{"rendered":"Home"},"content":{"rendered":"\t\t<div data-elementor-type=\"wp-page\" data-elementor-id=\"2\" class=\"elementor elementor-2\">\n\t\t\t\t\t\t<section class=\"elementor-section elementor-top-section elementor-element elementor-element-5cdc1472 elementor-section-boxed elementor-section-height-default elementor-section-height-default\" data-id=\"5cdc1472\" data-element_type=\"section\" data-e-type=\"section\">\n\t\t\t\t\t\t<div class=\"elementor-container elementor-column-gap-default\">\n\t\t\t\t\t<div class=\"elementor-column elementor-col-100 elementor-top-column elementor-element elementor-element-5310785d\" data-id=\"5310785d\" data-element_type=\"column\" data-e-type=\"column\">\n\t\t\t<div class=\"elementor-widget-wrap elementor-element-populated\">\n\t\t\t\t\t\t<div class=\"elementor-element elementor-element-4b083ca3 elementor-widget elementor-widget-text-editor\" data-id=\"4b083ca3\" data-element_type=\"widget\" data-e-type=\"widget\" data-widget_type=\"text-editor.default\">\n\t\t\t\t<div class=\"elementor-widget-container\">\n\t\t\t\t\t\t\t\t\t\n<p class=\"paragraph_style\"><strong>A partir de dia 28 pode encontrar o nosso banco na<\/strong><br \/><strong>Av. Dr. Antunes Guimar\u00e3es 102, 1\u00ba, sala 3<\/strong>,\u00a0<strong>4100-072 Porto\u00a0<\/strong><\/p>\n\t\t\t\t\t\t\t\t<\/div>\n\t\t\t\t<\/div>\n\t\t\t\t\t<\/div>\n\t\t<\/div>\n\t\t\t\t\t<\/div>\n\t\t<\/section>\n\t\t\t\t<section class=\"elementor-section elementor-top-section elementor-element elementor-element-5f55217 elementor-section-boxed elementor-section-height-default elementor-section-height-default\" data-id=\"5f55217\" data-element_type=\"section\" data-e-type=\"section\">\n\t\t\t\t\t\t<div class=\"elementor-container elementor-column-gap-default\">\n\t\t\t\t\t<div class=\"elementor-column elementor-col-100 elementor-top-column elementor-element elementor-element-7086a3e\" data-id=\"7086a3e\" data-element_type=\"column\" data-e-type=\"column\">\n\t\t\t<div class=\"elementor-widget-wrap elementor-element-populated\">\n\t\t\t\t\t\t<div class=\"elementor-element elementor-element-c593543 elementor-widget elementor-widget-text-editor\" data-id=\"c593543\" data-element_type=\"widget\" data-e-type=\"widget\" data-widget_type=\"text-editor.default\">\n\t\t\t\t<div class=\"elementor-widget-container\">\n\t\t\t\t\t\t\t\t\t\n<p class=\"paragraph_style\">O \u201cMovimento pela reutiliza\u00e7\u00e3o dos livros escolares\u201d \u00e9 um movimento de cidad\u00e3os que promove a cria\u00e7\u00e3o e divulga\u00e7\u00e3o de bancos de recolha e partilha gratuita de livros escolares em todo o Pa\u00eds.<\/p>\n<p class=\"paragraph_style\">O objectivo \u00fanico deste movimento \u00e9 tornar a reutiliza\u00e7\u00e3o de livros escolares uma pr\u00e1tica Universal em Portugal<\/p>\n\t\t\t\t\t\t\t\t<\/div>\n\t\t\t\t<\/div>\n\t\t\t\t\t<\/div>\n\t\t<\/div>\n\t\t\t\t\t<\/div>\n\t\t<\/section>\n\t\t\t\t<section class=\"elementor-section elementor-top-section elementor-element elementor-element-79b3551 elementor-section-boxed elementor-section-height-default elementor-section-height-default\" data-id=\"79b3551\" data-element_type=\"section\" data-e-type=\"section\">\n\t\t\t\t\t\t<div class=\"elementor-container elementor-column-gap-default\">\n\t\t\t\t\t<div class=\"elementor-column elementor-col-100 elementor-top-column elementor-element elementor-element-57e5555\" data-id=\"57e5555\" data-element_type=\"column\" data-e-type=\"column\">\n\t\t\t<div class=\"elementor-widget-wrap elementor-element-populated\">\n\t\t\t\t\t\t<div class=\"elementor-element elementor-element-27ae1ab elementor-widget elementor-widget-text-editor\" data-id=\"27ae1ab\" data-element_type=\"widget\" data-e-type=\"widget\" data-widget_type=\"text-editor.default\">\n\t\t\t\t<div class=\"elementor-widget-container\">\n\t\t\t\t\t\t\t\t\t\n<h5 class=\"paragraph_style_2\"><strong>Reutilizar \u00e9 ainda melhor que Reciclar!<\/strong><\/h5>\n\t\t\t\t\t\t\t\t<\/div>\n\t\t\t\t<\/div>\n\t\t\t\t\t<\/div>\n\t\t<\/div>\n\t\t\t\t\t<\/div>\n\t\t<\/section>\n\t\t\t\t<section class=\"elementor-section elementor-top-section elementor-element elementor-element-d3a64a7 elementor-section-boxed elementor-section-height-default elementor-section-height-default\" data-id=\"d3a64a7\" data-element_type=\"section\" data-e-type=\"section\">\n\t\t\t\t\t\t<div class=\"elementor-container elementor-column-gap-default\">\n\t\t\t\t\t<div class=\"elementor-column elementor-col-100 elementor-top-column elementor-element elementor-element-1747516\" data-id=\"1747516\" data-element_type=\"column\" data-e-type=\"column\">\n\t\t\t<div class=\"elementor-widget-wrap elementor-element-populated\">\n\t\t\t\t\t\t<div class=\"elementor-element elementor-element-28eee82 elementor-widget elementor-widget-image\" data-id=\"28eee82\" data-element_type=\"widget\" data-e-type=\"widget\" data-widget_type=\"image.default\">\n\t\t\t\t<div class=\"elementor-widget-container\">\n\t\t\t\t\t\t\t\t\t\t\t\t\t\t\t<img fetchpriority=\"high\" decoding=\"async\" width=\"1024\" height=\"768\" src=\"https:\/\/reutilizar.org\/wp-content\/uploads\/2022\/05\/mrle-Jornal-Publico-24-de-julho-2012_1-1024x768.png\" class=\"attachment-large size-large wp-image-74\" alt=\"\" srcset=\"https:\/\/reutilizar.org\/wp-content\/uploads\/2022\/05\/mrle-Jornal-Publico-24-de-julho-2012_1-1024x768.png 1024w, https:\/\/reutilizar.org\/wp-content\/uploads\/2022\/05\/mrle-Jornal-Publico-24-de-julho-2012_1-300x225.png 300w, https:\/\/reutilizar.org\/wp-content\/uploads\/2022\/05\/mrle-Jornal-Publico-24-de-julho-2012_1-768x576.png 768w, https:\/\/reutilizar.org\/wp-content\/uploads\/2022\/05\/mrle-Jornal-Publico-24-de-julho-2012_1-1536x1152.png 1536w, https:\/\/reutilizar.org\/wp-content\/uploads\/2022\/05\/mrle-Jornal-Publico-24-de-julho-2012_1-2048x1536.png 2048w, https:\/\/reutilizar.org\/wp-content\/uploads\/2022\/05\/mrle-Jornal-Publico-24-de-julho-2012_1-120x90.png 120w\" sizes=\"(max-width: 1024px) 100vw, 1024px\" \/>\t\t\t\t\t\t\t\t\t\t\t\t\t\t\t<\/div>\n\t\t\t\t<\/div>\n\t\t\t\t\t<\/div>\n\t\t<\/div>\n\t\t\t\t\t<\/div>\n\t\t<\/section>\n\t\t\t\t<section class=\"elementor-section elementor-top-section elementor-element elementor-element-1968ee6 elementor-section-boxed elementor-section-height-default elementor-section-height-default\" data-id=\"1968ee6\" data-element_type=\"section\" data-e-type=\"section\">\n\t\t\t\t\t\t<div class=\"elementor-container elementor-column-gap-default\">\n\t\t\t\t\t<div class=\"elementor-column elementor-col-100 elementor-top-column elementor-element elementor-element-620bd99\" data-id=\"620bd99\" data-element_type=\"column\" data-e-type=\"column\">\n\t\t\t<div class=\"elementor-widget-wrap elementor-element-populated\">\n\t\t\t\t\t\t<div class=\"elementor-element elementor-element-998a828 elementor-widget elementor-widget-text-editor\" data-id=\"998a828\" data-element_type=\"widget\" data-e-type=\"widget\" data-widget_type=\"text-editor.default\">\n\t\t\t\t<div class=\"elementor-widget-container\">\n\t\t\t\t\t\t\t\t\t<h6>1\u00aa Not\u00edcia \u00a0&#8211; \u00a0Jornal O P\u00fablico &#8211; 3 p\u00e1ginas com refer\u00eancia na 1\u00aa p\u00e1gina &#8211; Jul 2012<\/h6>\t\t\t\t\t\t\t\t<\/div>\n\t\t\t\t<\/div>\n\t\t\t\t\t<\/div>\n\t\t<\/div>\n\t\t\t\t\t<\/div>\n\t\t<\/section>\n\t\t\t\t<\/div>\n\t\t","protected":false},"excerpt":{"rendered":"<p>A partir de dia 28 pode encontrar o nosso banco naAv. Dr. Antunes Guimar\u00e3es 102, 1\u00ba, sala 3,\u00a04100-072 Porto\u00a0 O \u201cMovimento pela reutiliza\u00e7\u00e3o dos livros escolares\u201d \u00e9 um movimento de cidad\u00e3os que promove a cria\u00e7\u00e3o e divulga\u00e7\u00e3o de bancos de recolha e partilha gratuita de livros escolares em todo o Pa\u00eds. O objectivo \u00fanico deste&hellip;<\/p>\n","protected":false},"author":1,"featured_media":0,"parent":0,"menu_order":0,"comment_status":"closed","ping_status":"open","template":"elementor_header_footer","meta":{"footnotes":""},"class_list":["post-2","page","type-page","status-publish","hentry"],"_links":{"self":[{"href":"https:\/\/reutilizar.org\/index.php?rest_route=\/wp\/v2\/pages\/2","targetHints":{"allow":["GET"]}}],"collection":[{"href":"https:\/\/reutilizar.org\/index.php?rest_route=\/wp\/v2\/pages"}],"about":[{"href":"https:\/\/reutilizar.org\/index.php?rest_route=\/wp\/v2\/types\/page"}],"author":[{"embeddable":true,"href":"https:\/\/reutilizar.org\/index.php?rest_route=\/wp\/v2\/users\/1"}],"replies":[{"embeddable":true,"href":"https:\/\/reutilizar.org\/index.php?rest_route=%2Fwp%2Fv2%2Fcomments&post=2"}],"version-history":[{"count":16,"href":"https:\/\/reutilizar.org\/index.php?rest_route=\/wp\/v2\/pages\/2\/revisions"}],"predecessor-version":[{"id":83,"href":"https:\/\/reutilizar.org\/index.php?rest_route=\/wp\/v2\/pages\/2\/revisions\/83"}],"wp:attachment":[{"href":"https:\/\/reutilizar.org\/index.php?rest_route=%2Fwp%2Fv2%2Fmedia&parent=2"}],"curies":[{"name":"wp","href":"https:\/\/api.w.org\/{rel}","templated":true}]}}